{"id":782,"date":"2017-01-25T09:49:42","date_gmt":"2017-01-25T09:49:42","guid":{"rendered":"http:\/\/villageafricain-maah.org\/?post_type=product&#038;p=782"},"modified":"2017-01-25T09:57:16","modified_gmt":"2017-01-25T09:57:16","slug":"ambila-en-amour","status":"publish","type":"product","link":"https:\/\/villageafricain-maah.org\/fr\/produit\/ambila-en-amour\/","title":{"rendered":"AMBILA, En amour"},"content":{"rendered":"","protected":false},"excerpt":{"rendered":"<p><a href=\"https:\/\/villageafricain-maah.org\/fr\/wp-content\/uploads\/2017\/01\/title_description.jpg\"><img loading=\"lazy\" decoding=\"async\" class=\"alignnone size-medium wp-image-784\" src=\"https:\/\/villageafricain-maah.org\/fr\/wp-content\/uploads\/2017\/01\/title_description-300x44.jpg\" alt=\"\" width=\"300\" height=\"44\" srcset=\"https:\/\/villageafricain-maah.org\/fr\/wp-content\/uploads\/2017\/01\/title_description-300x44.jpg 300w, https:\/\/villageafricain-maah.org\/fr\/wp-content\/uploads\/2017\/01\/title_description-553x83.jpg 553w, https:\/\/villageafricain-maah.org\/fr\/wp-content\/uploads\/2017\/01\/title_description.jpg 572w\" sizes=\"auto, (max-width: 300px) 100vw, 300px\" \/><\/a><\/p>\n<p><em>De l\u2019indulgence, amis lecteurs, de la compr\u00e9hension! Ces lettres n\u2019ont jamais \u00e9t\u00e9 \u00e9crites pour \u00eatre publi\u00e9es. Elles le deviennent certes avec mon autorisation, \u00e0 la demande de leur destinataire. \u00c0 mon sens, elles ne m\u2019appartiennent plus. De tout temps, dans tous les pays, tous les amoureux r\u00e9p\u00e8tent avec la m\u00eame exaltation, ne fusse que l\u2019\u00e9ternel cr\u00e9do : \u2018\u2019je t\u2019aime\u2019\u2019 que son amoureuse re\u00e7oit avec la m\u00eame ferveur. Alors, r\u00e9p\u00e9titif ou non, n\u2019ayons pas de complexes : C\u2019est gr\u00e2ce \u00e0 cette formule magique et \u00e0 ce qui s\u2019ensuit que l\u2019esp\u00e8ce humaine se perp\u00e9tue et\u2026 et que votre m\u00e8re s\u2019est sentie \u00e9mue, et que vous \u00eates\u00a0 ami lecteur. Ce n\u2019est pas tr\u00e8s glorieux d\u2019avoir le comportement de Grand Singe. Mais cela n\u2019a rien de d\u00e9gradant non plus. Surtout si la Nature vous a ainsi faits. \u00a0L\u2019homme pr\u00e9historique \u00e9tait bien d\u00e9sarm\u00e9, bien faible, au milieu d\u2019une nature hostile. Il grelottait de froid dans les p\u00e9riodes de glaciation, avec le peu de poils qu\u2019il avait sur le corps. Il fuyait la d\u00e9sertification en p\u00e9riode de s\u00e9cheresse. Il \u00e9tait bien faible face \u00e0 des pr\u00e9dateurs bien plus puissants. Pour se d\u00e9fendre, pour la survie de l\u2019esp\u00e8ce, il n\u2019avait que deux armes : son intelligence inventive, et son go\u00fbt \u2018\u2019immod\u00e9r\u00e9\u2019\u2019 pour le sexe, son \u2018\u2019comportement chimpanz\u00e9\u2019\u2019<\/em><\/p>\n<p>&nbsp;<\/p>\n<p>ALEXIS C.<\/p>\n<p>76 pages<\/p>\n","protected":false},"featured_media":785,"comment_status":"closed","ping_status":"closed","template":"","meta":[],"class_list":{"0":"post-782","1":"product","2":"type-product","3":"status-publish","4":"has-post-thumbnail","6":"product_cat-livres","8":"first","9":"instock","10":"sale","11":"shipping-taxable","12":"purchasable","13":"product-type-simple"},"_links":{"self":[{"href":"https:\/\/villageafricain-maah.org\/fr\/wp-json\/wp\/v2\/product\/782","targetHints":{"allow":["GET"]}}],"collection":[{"href":"https:\/\/villageafricain-maah.org\/fr\/wp-json\/wp\/v2\/product"}],"about":[{"href":"https:\/\/villageafricain-maah.org\/fr\/wp-json\/wp\/v2\/types\/product"}],"replies":[{"embeddable":true,"href":"https:\/\/villageafricain-maah.org\/fr\/wp-json\/wp\/v2\/comments?post=782"}],"wp:featuredmedia":[{"embeddable":true,"href":"https:\/\/villageafricain-maah.org\/fr\/wp-json\/wp\/v2\/media\/785"}],"wp:attachment":[{"href":"https:\/\/villageafricain-maah.org\/fr\/wp-json\/wp\/v2\/media?parent=782"}],"curies":[{"name":"wp","href":"https:\/\/api.w.org\/{rel}","templated":true}]}}