{"id":909,"date":"2017-05-02T08:36:19","date_gmt":"2017-05-02T08:36:19","guid":{"rendered":"http:\/\/villageafricain-maah.org\/?page_id=909"},"modified":"2017-05-02T09:18:53","modified_gmt":"2017-05-02T09:18:53","slug":"galerie","status":"publish","type":"page","link":"https:\/\/villageafricain-maah.org\/fr\/galerie\/","title":{"rendered":"Galerie"},"content":{"rendered":"<p>29 septembre 2007, le Centre Culturel de Verdun f\u00eatait ses quarante ans alors que MAAH c\u00e9l\u00e9brait sa premi\u00e8re ann\u00e9e de vie. Ce\u00a0 jour-l\u00e0,\u00a0 nous avons inaugur\u00e9 le MAM (Mus\u00e9e Africain de Montr\u00e9al) et le Th\u00e9\u00e2tre Africain de Verdun par\u00a0 des expositions d\u2019objets d\u2019art et le r\u00e9cit d\u2019un conte africain.<\/p>\n<p><a href=\"https:\/\/villageafricain-maah.org\/fr\/wp-content\/uploads\/2016\/08\/expo2.png\"><img loading=\"lazy\" decoding=\"async\" class=\"alignnone size-full wp-image-664\" src=\"https:\/\/villageafricain-maah.org\/fr\/wp-content\/uploads\/2016\/08\/expo2.png\" alt=\"\" width=\"738\" height=\"552\" srcset=\"https:\/\/villageafricain-maah.org\/fr\/wp-content\/uploads\/2016\/08\/expo2.png 738w, https:\/\/villageafricain-maah.org\/fr\/wp-content\/uploads\/2016\/08\/expo2-600x449.png 600w, https:\/\/villageafricain-maah.org\/fr\/wp-content\/uploads\/2016\/08\/expo2-300x224.png 300w, https:\/\/villageafricain-maah.org\/fr\/wp-content\/uploads\/2016\/08\/expo2-131x97.png 131w\" sizes=\"auto, (max-width: 738px) 100vw, 738px\" \/><\/a><\/p>\n<p><a href=\"https:\/\/villageafricain-maah.org\/fr\/wp-content\/uploads\/2016\/08\/expo1.png\"><img loading=\"lazy\" decoding=\"async\" class=\"alignnone size-full wp-image-662\" src=\"https:\/\/villageafricain-maah.org\/fr\/wp-content\/uploads\/2016\/08\/expo1.png\" alt=\"\" width=\"737\" height=\"552\" srcset=\"https:\/\/villageafricain-maah.org\/fr\/wp-content\/uploads\/2016\/08\/expo1.png 737w, https:\/\/villageafricain-maah.org\/fr\/wp-content\/uploads\/2016\/08\/expo1-600x449.png 600w, https:\/\/villageafricain-maah.org\/fr\/wp-content\/uploads\/2016\/08\/expo1-300x225.png 300w, https:\/\/villageafricain-maah.org\/fr\/wp-content\/uploads\/2016\/08\/expo1-131x97.png 131w\" sizes=\"auto, (max-width: 737px) 100vw, 737px\" \/><\/a><\/p>\n<p><a href=\"https:\/\/villageafricain-maah.org\/fr\/wp-content\/uploads\/2016\/08\/IMG_1041.jpg\"><img loading=\"lazy\" decoding=\"async\" class=\"alignnone size-full wp-image-660\" src=\"https:\/\/villageafricain-maah.org\/fr\/wp-content\/uploads\/2016\/08\/IMG_1041.jpg\" alt=\"\" width=\"640\" height=\"480\" srcset=\"https:\/\/villageafricain-maah.org\/fr\/wp-content\/uploads\/2016\/08\/IMG_1041.jpg 640w, https:\/\/villageafricain-maah.org\/fr\/wp-content\/uploads\/2016\/08\/IMG_1041-600x450.jpg 600w, https:\/\/villageafricain-maah.org\/fr\/wp-content\/uploads\/2016\/08\/IMG_1041-300x225.jpg 300w, https:\/\/villageafricain-maah.org\/fr\/wp-content\/uploads\/2016\/08\/IMG_1041-131x97.jpg 131w\" sizes=\"auto, (max-width: 640px) 100vw, 640px\" \/><\/a><\/p>\n","protected":false},"excerpt":{"rendered":"<p>29 septembre 2007, le Centre Culturel de Verdun f\u00eatait ses quarante ans alors que MAAH c\u00e9l\u00e9brait sa premi\u00e8re ann\u00e9e de vie. Ce\u00a0 jour-l\u00e0,\u00a0 nous avons inaugur\u00e9 le MAM (Mus\u00e9e Africain de Montr\u00e9al) et le Th\u00e9\u00e2tre Africain de Verdun par\u00a0 des expositions d\u2019objets d\u2019art et le r\u00e9cit d\u2019un conte africain.<\/p>\n","protected":false},"author":1,"featured_media":0,"parent":0,"menu_order":0,"comment_status":"closed","ping_status":"closed","template":"","meta":{"footnotes":""},"class_list":["post-909","page","type-page","status-publish","hentry"],"_links":{"self":[{"href":"https:\/\/villageafricain-maah.org\/fr\/wp-json\/wp\/v2\/pages\/909","targetHints":{"allow":["GET"]}}],"collection":[{"href":"https:\/\/villageafricain-maah.org\/fr\/wp-json\/wp\/v2\/pages"}],"about":[{"href":"https:\/\/villageafricain-maah.org\/fr\/wp-json\/wp\/v2\/types\/page"}],"author":[{"embeddable":true,"href":"https:\/\/villageafricain-maah.org\/fr\/wp-json\/wp\/v2\/users\/1"}],"replies":[{"embeddable":true,"href":"https:\/\/villageafricain-maah.org\/fr\/wp-json\/wp\/v2\/comments?post=909"}],"version-history":[{"count":7,"href":"https:\/\/villageafricain-maah.org\/fr\/wp-json\/wp\/v2\/pages\/909\/revisions"}],"predecessor-version":[{"id":917,"href":"https:\/\/villageafricain-maah.org\/fr\/wp-json\/wp\/v2\/pages\/909\/revisions\/917"}],"wp:attachment":[{"href":"https:\/\/villageafricain-maah.org\/fr\/wp-json\/wp\/v2\/media?parent=909"}],"curies":[{"name":"wp","href":"https:\/\/api.w.org\/{rel}","templated":true}]}}