{"id":72,"date":"2016-08-26T07:58:14","date_gmt":"2016-08-26T07:58:14","guid":{"rendered":"http:\/\/villageafricain-maah.org\/fr\/?page_id=72"},"modified":"2017-05-22T16:55:34","modified_gmt":"2017-05-22T16:55:34","slug":"maah","status":"publish","type":"page","link":"https:\/\/villageafricain-maah.org\/fr\/maah\/","title":{"rendered":"maah"},"content":{"rendered":"<p class=\"Style2\"><strong>Bienvenue \u00e0 la Fondation du Village Africain MAAH<\/strong><\/p>\n<p class=\"Style1\" align=\"justify\">Fond\u00e9e en 1986 par Germain N.- AMONI, Suzanne BERGER\u00a0 et Th\u00e9rese GAUBERT, la Fondation du Village Africain (MAAH Maison de l\u2019Afrique African House) est habilit\u00e9e par Revenu Canada \u00e0 d\u00e9livrer des re\u00e7us d\u2019imp\u00f4t pour des dons, legs et autres contributions provenant des donateurs comme vous.<\/p>\n<p class=\"Style2\" align=\"justify\"><strong>Pour plus de d\u00e9tails :<\/strong><\/p>\n<p class=\"Style1\">Communiquez avec nous au 514-678-4499 ou \u00e9crivez-nous \u00e0 <a href=\"mailto:info@maah.ca\">info@maah.ca<\/a><\/p>\n<p class=\"Style2\" align=\"justify\"><strong>Notre mission\u00a0consiste \u00e0 promouvoir\u00a0:<\/strong><\/p>\n<ul>\n<li class=\"Style1\">Un service social et d\u2019entraide<\/li>\n<li class=\"Style1\">La culture africaine\u00a0et relations interculturelles gr\u00e2ce aux\u00a0:\n<ul>\n<li class=\"Style1\">Th\u00e9\u00e2tre africain de Verdun<\/li>\n<li class=\"Style1\">Mus\u00e9e africain de Montr\u00e9al.<\/li>\n<\/ul>\n<\/li>\n<\/ul>\n<p class=\"Style2\"><strong>Profil de l\u2019entreprise :<\/strong><\/p>\n<p class=\"Style1\" align=\"justify\">En tant qu\u2019organisme de bienfaisance, la Fondation de la Maison de l\u2019Afrique a organis\u00e9 et anim\u00e9 des activit\u00e9s :<\/p>\n<ul>\n<li class=\"Style1\">d\u2019entraide sociale : dons en argent et nature (v\u00eatements, nourriture, h\u00e9bergement, etc.) ;<\/li>\n<li class=\"Style1\">de formation et d\u2019information pour la recherche active de l\u2019emploi ;<\/li>\n<li class=\"Style1\">d\u2019assistance sociale et de r\u00e9f\u00e9rencement de regroupements culturel et socioculturel.<\/li>\n<\/ul>\n<p>Aujourd\u2019hui encore, la Fondation du Village Africain continue ses activit\u00e9s d\u2019entraide et de bienfaisance gr\u00e2ce aux dons qu\u2019elle re\u00e7oit.<\/p>\n","protected":false},"excerpt":{"rendered":"<p>Bienvenue \u00e0 la Fondation du Village Africain MAAH Fond\u00e9e en 1986 par Germain N.- AMONI, Suzanne BERGER\u00a0 et Th\u00e9rese GAUBERT, la Fondation du Village Africain (MAAH Maison de l\u2019Afrique African House) est habilit\u00e9e par Revenu Canada \u00e0 d\u00e9livrer des re\u00e7us d\u2019imp\u00f4t pour des dons, legs et autres contributions provenant des donateurs comme vous. Pour plus [&hellip;]<\/p>\n","protected":false},"author":1,"featured_media":0,"parent":0,"menu_order":0,"comment_status":"closed","ping_status":"closed","template":"charity-our-story.php","meta":{"footnotes":""},"class_list":["post-72","page","type-page","status-publish","hentry"],"_links":{"self":[{"href":"https:\/\/villageafricain-maah.org\/fr\/wp-json\/wp\/v2\/pages\/72","targetHints":{"allow":["GET"]}}],"collection":[{"href":"https:\/\/villageafricain-maah.org\/fr\/wp-json\/wp\/v2\/pages"}],"about":[{"href":"https:\/\/villageafricain-maah.org\/fr\/wp-json\/wp\/v2\/types\/page"}],"author":[{"embeddable":true,"href":"https:\/\/villageafricain-maah.org\/fr\/wp-json\/wp\/v2\/users\/1"}],"replies":[{"embeddable":true,"href":"https:\/\/villageafricain-maah.org\/fr\/wp-json\/wp\/v2\/comments?post=72"}],"version-history":[{"count":6,"href":"https:\/\/villageafricain-maah.org\/fr\/wp-json\/wp\/v2\/pages\/72\/revisions"}],"predecessor-version":[{"id":935,"href":"https:\/\/villageafricain-maah.org\/fr\/wp-json\/wp\/v2\/pages\/72\/revisions\/935"}],"wp:attachment":[{"href":"https:\/\/villageafricain-maah.org\/fr\/wp-json\/wp\/v2\/media?parent=72"}],"curies":[{"name":"wp","href":"https:\/\/api.w.org\/{rel}","templated":true}]}}