{"id":15,"date":"2016-08-24T01:01:10","date_gmt":"2016-08-24T01:01:10","guid":{"rendered":"http:\/\/villageafricain-maah.org\/fr\/?page_id=15"},"modified":"2017-05-22T06:12:42","modified_gmt":"2017-05-22T06:12:42","slug":"soutenez-maah","status":"publish","type":"page","link":"https:\/\/villageafricain-maah.org\/fr\/soutenez-maah\/","title":{"rendered":"Soutenez MAAH"},"content":{"rendered":"<p class=\"Style1\" style=\"text-align: center\" align=\"justify\">Merci de faire un don \u00e0 la Fondation MAAH d\u00e8s aujourd&rsquo;hui<\/p>\n<p class=\"Style1\" style=\"text-align: left\" align=\"justify\"><em>Par votre don \u00e0 MAAH, vous contribuez d&rsquo;une part \u00e0 l&rsquo;int\u00e9gration socio\u00e9conomique et \u00e0 l&rsquo;\u00e9panouissement de nombreuses familles afro-qu\u00e9b\u00e9coises et, par cons\u00e9quent, de tout le Qu\u00e9bec.<br \/>\nEn outre, vous favorisez une meilleure connaissance de la culture africaine par les Qu\u00e9b\u00e9coises et les Qu\u00e9b\u00e9cois, et vous aidez ainsi \u00e0 promouvoir des relations interculturelles harmonieuses.<br \/>\nDe tout coeur, au nom de celles et ceux que vous aidez, je vous remercie chaleureusement!<\/em><\/p>\n<p class=\"Style1\" align=\"center\">Mieux servir la communaut\u00e9 gr\u00e2ce \u00e0 votre soutien.<\/p>\n<p class=\"Style1\" align=\"center\"><a href=\"https:\/\/villageafricain-maah.org\/fr\/wp-content\/uploads\/2016\/08\/germain.jpg\"><img loading=\"lazy\" decoding=\"async\" class=\"alignnone size-full wp-image-593\" src=\"https:\/\/villageafricain-maah.org\/fr\/wp-content\/uploads\/2016\/08\/germain.jpg\" alt=\"germain\" width=\"159\" height=\"218\" \/><\/a><br \/>\nNikowe Germain AMONI, Pr\u00e9sident<\/p>\n<p class=\"Style2\"><strong>Pourquoi faire un don \u00e0 notre fondation?<\/strong><\/p>\n<p class=\"Style1\" align=\"justify\">D&rsquo;apr\u00e8s le dernier recensement de la population qu\u00e9b\u00e9coise, en 2001, il y avait cette ann\u00e9e-la, au Qu\u00e9bec, 81\u00a0265 personnes provenant du continent africain. Or, il ne fait aucun doute que ce nombre a, depuis, beaucoup augment\u00e9. Ces personnes repr\u00e9sentent donc une force majeure pour l&rsquo;enrichissement \u00e9conomique et culturel du Qu\u00e9bec.<\/p>\n<p class=\"Style1\" align=\"justify\">Malheureusement, les Afro-qu\u00e9b\u00e9cois se butent \u00e0 des pr\u00e9jug\u00e9s et \u00e0 la discrimination, qui nuisent consid\u00e9rablement \u00e0 leur int\u00e9gration. Si la soci\u00e9t\u00e9 qu\u00e9b\u00e9coise est pourtant plus ouverte et tol\u00e9rante que d&rsquo;autres, des faits et des chiffres comme ceux ci-dessous parlent d&rsquo;eux-memes quant aux difficult\u00e9s consid\u00e9rables que vivent les immigrants africains.<\/p>\n<ul>\n<li class=\"Style1\">\n<div align=\"justify\">Les minorit\u00e9s visibles comptent deux fois plus de ch\u00f4meurs que le reste de la population, malgr\u00e9 un niveau de scolarisation souvent plus \u00e9lev\u00e9 (Statistique Canada, 2001).<\/div>\n<\/li>\n<li class=\"Style1\">\n<div align=\"justify\">Des \u00e9carts salariaux importants subsistent entre les membres des minorit\u00e9s visibles ayant un emploi et ceux du groupe majoritaire (Statistique Canada, 2001).<\/div>\n<\/li>\n<li class=\"Style1\">\n<div align=\"justify\">Les membres des communaut\u00e9s noires sont le plus victimes de traitement injuste au travail, dans les magasins et les banques, dans la rue ou dans leurs relations avec les tribunaux et la police. En effet, 50 % des Noirs ont dit subir de tels traitements, alors que c&rsquo;est le cas pour <a href=\"http:\/\/www.cheapjerseys11.com\/\" target=\"_blank\">cheap china jerseys<\/a> 35 % des Asiatiques du Sud-Est, 29 % des Latino-am\u00e9ricains et 26 % des Arabes (Statistique Canada, 2002).<\/div>\n<\/li>\n<li class=\"Style1\">\n<div align=\"justify\">Sur le plan de l&rsquo;acc\u00e8s au logement, le tiers des Noirs francophones et 15 % des Noirs anglophones sont victimes de discrimination flagrante (Commission des droits de la personne et des droits de la jeunesse, 1988).<\/div>\n<\/li>\n<li class=\"Style1\">\n<div align=\"justify\">L&rsquo;image des communaut\u00e9s noires est trop souvent associ\u00e9e \u00e0 la violence, \u00e0 la pauvret\u00e9 et au manque d&rsquo;instruction. Les modeles de r\u00e9ussite pr\u00e9sent\u00e9s par les m\u00e9dias proviennent presque exclusivement du milieu sportif et des arts (Fondation canadienne sur les relations raciales, 2005).<\/div>\n<\/li>\n<\/ul>\n<p class=\"Style1\" align=\"justify\">Ces services sont indispensables pour am\u00e9liorer les conditions de vie des Afro-qu\u00e9b\u00e9cois, tout en favorisant leur int\u00e9gration sociale, \u00e9conomique et culturelle dans la communaut\u00e9 <a href=\"http:\/\/cheapjerseysupply.com\/\" target=\"_blank\">cheap nfl jerseys<\/a> qu\u00e9b\u00e9coise. En 20 ans, la Fondation MAAH et celle qui l&rsquo;a pr\u00e9c\u00e9d\u00e9e, la Fondation du Village Africain, sont ainsi venues en aide \u00e0 plus de 1000 ressortissants Africains au Qu\u00e9bec. <strong>Les besoins sont immenses et urgents. S&rsquo;il vous pla\u00eet, donnez g\u00e9n\u00e9reusement!<\/strong><\/p>\n<p class=\"Style2\"><strong>Pour promouvoir les cultures africaines au Qu\u00e9bec.<\/strong><\/p>\n<p class=\"Style1\" align=\"justify\">La pleine int\u00e9gration des Afro-qu\u00e9b\u00e9cois au Qu\u00e9bec exige un apprivoisement et une d\u00e9couverte des diff\u00e9rences et des cultures respectives. Ces conditions sont essentielles puisqu&rsquo;elles favorisent l&rsquo;\u00e9tablissement d&rsquo;un dialogue et l&rsquo;\u00e9limination des pr\u00e9jug\u00e9s.<\/p>\n<p class=\"Style1\" align=\"justify\">Or, <a href=\"https:\/\/www.cheap-nfl-jerseys-shop.com\/\" target=\"_blank\">cheap nfl jerseys<\/a> les pratiques artistiques professionnelles issues des communaut\u00e9s minoritaires ne sont pas reconnues \u00e0 leur juste valeur au Qu\u00e9bec. C&rsquo;est pourquoi la Fondation MAAH investit beaucoup d&rsquo;efforts pour permettre aux Qu\u00e9b\u00e9cois de souche et aux personnes des collectivit\u00e9s africaines de partager des activit\u00e9s culturelles.<\/p>\n<p class=\"Style1\" align=\"justify\"><strong>Votre don permettra donc aussi l&rsquo;ach\u00e8vement de deux projets majeurs pour construire ce rapprochement culturel.<\/strong><\/p>\n<ul>\n<li class=\"Style1\">\n<div align=\"justify\"><strong>Le Th\u00e9\u00e2tre africain de Verdun,<\/strong> qui promouvra les cultures africaines et contribuera \u00e0 l&rsquo;ancrage de bonnes relations dans la communaut\u00e9. La programmation exposera les mythes et l&rsquo;histoire des peuples africains, par la pr\u00e9sentation de th\u00e9\u00e2tre, de contes, d&rsquo;arts visuels et de documentaires. Les artistes d&rsquo;origine ou d&rsquo;influence africaines disposeront enfin d&rsquo;un lieu de cr\u00e9ation!<\/div>\n<\/li>\n<li class=\"Style1\">\n<div align=\"justify\"><strong>Le Mus\u00e9e africain,<\/strong> qui, poursuivant les memes objectifs que le Th\u00e9\u00e2tre africain de Verdun,\u00a0encouragera l&rsquo;\u00e9mergence de la releve artistique en sensibilisant les jeunes et les \u00e9coles \u00e0 la culture africaine. Il s&rsquo;agira d&rsquo;un v\u00e9ritable centre des cultures africaines, pourvu entre autres d&rsquo;une banque de documents audio-visuels.<\/div>\n<\/li>\n<\/ul>\n<p class=\"Style1\" align=\"justify\"><strong>Merci de soutenir, par vos dons, la promotion de cultures \u00e0 la fois ancestrales et modernes, qui <a href=\"http:\/\/www.foakleysaaaa.com\/\" target=\"_blank\">Fake Oakleys<\/a> constituent une richesse inestimable pour les Qu\u00e9b\u00e9cois et pour leur rapprochement avec les communaut\u00e9s africaines!<\/strong><\/p>\n<p class=\"Style2\"><strong>Soutenez une fondation riche d&rsquo;histoire<\/strong><\/p>\n<p class=\"Style1\" align=\"justify\">La Fondation MAAH est un organisme de bienfaisance reconnu et d\u00fbment enregistr\u00e9 (le num\u00e9ro figure sur les re\u00e7us officiels), visant \u00e0 promouvoir les cultures et <a href=\"http:\/\/www.cheapjerseys-nfl.com\/\" target=\"_blank\">Cheap Football Jerseys<\/a> la solidarit\u00e9 \u00e0 l&rsquo;africaine, par des services sociaux et de repr\u00e9sentation ainsi que par des activit\u00e9s culturelles. Gr\u00e2ce \u00e0 ses donateurs, la fondation joue ainsi un r\u00f4le indispensable pour assurer le bien-\u00eatre et l&rsquo;int\u00e9gration des Afro-qu\u00e9b\u00e9cois.<\/p>\n<p class=\"Style1\" align=\"justify\">L&rsquo;organisme a \u00e9t\u00e9 fond\u00e9 \u00e0 Montr\u00e9al, il y a 22 ans, sous le nom de Fondation du Village Africain, par Nikowe Germain Amoni, originaire du Togo et docteur en sciences \u00e9conomiques (Paris Panth\u00e9on Sorbonne); Suzanne Berger, enseignante ayant ouvr\u00e9 en Afrique; et Th\u00e9rese Gaubert, assistante sociale et infirmiere qui a dirig\u00e9 un important centre m\u00e9dico-social au Tchad.<\/p>\n<p class=\"Style1\" align=\"justify\">Auparavant, M. Amoni avait acquis une exp\u00e9rience exceptionnelle en d\u00e9veloppement communautaire. Fondateur de coop\u00e9ratives agricoles au Tchad, il a aussi cr\u00e9\u00e9 une Maison de l&rsquo;Afrique au Havre (France). Nikowe Germain Amoni a \u00e9galement \u00e9t\u00e9 enseignant, en France et au Qu\u00e9bec, et travaill\u00e9 comme agent de d\u00e9veloppement industriel au gouvernement du Qu\u00e9bec.<\/p>\n<p class=\"Style1\" align=\"justify\">Avant de devenir la Fondation MAAH, la Fondation du Village Africain a offert des services essentiels aux Afro-qu\u00e9b\u00e9cois de la r\u00e9gion de Montr\u00e9al\u00a0: distribution de denr\u00e9es de base aux personnes en difficult\u00e9,\u00a0aide \u00e0 la recherche d&rsquo;un logement ou d&rsquo;un emploi et \u00e0 l&rsquo;int\u00e9gration et mise sur pied d&rsquo;activit\u00e9s socioculturelles.<\/p>\n<p class=\"Style1\" align=\"justify\">En octobre 2006, la Fondation <a href=\"http:\/\/vesmurom.ru\/%d1%81%d0%bc%d0%be%d1%82%d1%80%d0%b5%d1%82%d1%8c-%d0%ba%d0%b0%d0%ba-%d1%81%d0%b4%d0%b5%d0%bb%d0%b0%d1%82%d1%8c-%d0%bc%d0%b8%d0%bd%d0%b8-%d1%82%d1%80%d0%b0%d0%ba%d1%82%d0%be%d1%80-%d0%b2-%d0%b4%d0%be\/\">\u0441\u0434\u0435\u043b\u0430\u0442\u044c<\/a> du Village Africain a red\u00e9fini sa mission et sa vision, en ajoutant notamment les projets de mus\u00e9e et de th\u00e9\u00e2tre africains et en changeant de nom pour celui de la Fondation MAAH.<\/p>\n<p class=\"Style1\">Vous pouvez faire votre don par la poste ou en ligne.<\/p>\n<p class=\"Style1\">Fondation MAAH<br \/>\n4400, boul. La Salle<br \/>\nVerdun (Qu\u00e9bec)\u00a0 H4G 2A8<br \/>\nT\u00e9l.\u00a0: 514-678-4499<br \/>\n<a class=\"lien-email\" href=\"mailto:info@maah.ca\">info@maah.ca<\/a><\/p>\n","protected":false},"excerpt":{"rendered":"<p>Merci de faire un don \u00e0 la Fondation MAAH d\u00e8s aujourd&rsquo;hui Par votre don \u00e0 MAAH, vous contribuez d&rsquo;une part \u00e0 l&rsquo;int\u00e9gration socio\u00e9conomique et \u00e0 l&rsquo;\u00e9panouissement de nombreuses familles afro-qu\u00e9b\u00e9coises et, par cons\u00e9quent, de tout le Qu\u00e9bec. En outre, vous favorisez une meilleure connaissance de la culture africaine par les Qu\u00e9b\u00e9coises et les Qu\u00e9b\u00e9cois, et [&hellip;]<\/p>\n","protected":false},"author":1,"featured_media":0,"parent":0,"menu_order":0,"comment_status":"closed","ping_status":"closed","template":"charity-mission.php","meta":{"footnotes":""},"class_list":["post-15","page","type-page","status-publish","hentry"],"_links":{"self":[{"href":"https:\/\/villageafricain-maah.org\/fr\/wp-json\/wp\/v2\/pages\/15","targetHints":{"allow":["GET"]}}],"collection":[{"href":"https:\/\/villageafricain-maah.org\/fr\/wp-json\/wp\/v2\/pages"}],"about":[{"href":"https:\/\/villageafricain-maah.org\/fr\/wp-json\/wp\/v2\/types\/page"}],"author":[{"embeddable":true,"href":"https:\/\/villageafricain-maah.org\/fr\/wp-json\/wp\/v2\/users\/1"}],"replies":[{"embeddable":true,"href":"https:\/\/villageafricain-maah.org\/fr\/wp-json\/wp\/v2\/comments?post=15"}],"version-history":[{"count":8,"href":"https:\/\/villageafricain-maah.org\/fr\/wp-json\/wp\/v2\/pages\/15\/revisions"}],"predecessor-version":[{"id":922,"href":"https:\/\/villageafricain-maah.org\/fr\/wp-json\/wp\/v2\/pages\/15\/revisions\/922"}],"wp:attachment":[{"href":"https:\/\/villageafricain-maah.org\/fr\/wp-json\/wp\/v2\/media?parent=15"}],"curies":[{"name":"wp","href":"https:\/\/api.w.org\/{rel}","templated":true}]}}